  
 






		
{"id":9,"date":"2022-12-05T14:25:56","date_gmt":"2022-12-05T14:25:56","guid":{"rendered":"https:\/\/estesobdb.com\/?page_id=9"},"modified":"2022-12-06T19:27:38","modified_gmt":"2022-12-06T19:27:38","slug":"productos-y-servicios","status":"publish","type":"page","link":"https:\/\/estesobdb.com\/?page_id=9","title":{"rendered":"PRODUCTOS Y SERVICIOS"},"content":{"rendered":"\n<ul class=\"wp-block-list\">\n<li><a target=\"_blank\" href=\"https:\/\/www.grupobdb.com\/productos-bdb\/2080\/materiales-de-construccion\" rel=\"noopener\">MATERIALES DE CONSTRUCCI\u00d3N<\/a>\n<ul class=\"wp-block-list\">\n<li><a target=\"_blank\" href=\"https:\/\/www.grupobdb.com\/productos-bdb\/2081\/materiales-de-construccion\/aridos-y-cementos\" rel=\"noopener\">\u00c1ridos y cementos<\/a><\/li>\n\n\n\n<li><a target=\"_blank\" href=\"https:\/\/www.grupobdb.com\/productos-bdb\/2088\/materiales-de-construccion\/ladrillos\" rel=\"noopener\">Ladrillos<\/a><\/li>\n\n\n\n<li><a target=\"_blank\" href=\"https:\/\/www.grupobdb.com\/productos-bdb\/2109\/materiales-de-construccion\/prefabricados-y-piedra-natural\" rel=\"noopener\">Prefabricados y piedra natural<\/a><\/li>\n\n\n\n<li><a target=\"_blank\" href=\"https:\/\/www.grupobdb.com\/productos-bdb\/2122\/materiales-de-construccion\/forjados\" rel=\"noopener\">Forjados<\/a><\/li>\n\n\n\n<li><a target=\"_blank\" href=\"https:\/\/www.grupobdb.com\/productos-bdb\/2135\/materiales-de-construccion\/tabiqueria-seca-y-falsos-techos\" rel=\"noopener\">Tabiquer\u00eda seca y falsos techos<\/a><\/li>\n\n\n\n<li><a target=\"_blank\" href=\"https:\/\/www.grupobdb.com\/productos-bdb\/2147\/materiales-de-construccion\/morteros-y-yesos\" rel=\"noopener\">Morteros y yesos<\/a><\/li>\n\n\n\n<li><a target=\"_blank\" href=\"https:\/\/www.grupobdb.com\/productos-bdb\/2165\/materiales-de-construccion\/adhesivos-para-la-colocacion-ceramica\" rel=\"noopener\">Adhesivos para la colocaci\u00f3n cer\u00e1mica<\/a><\/li>\n\n\n\n<li><a target=\"_blank\" href=\"https:\/\/www.grupobdb.com\/productos-bdb\/2176\/materiales-de-construccion\/cubiertas-y-tejados\" rel=\"noopener\">Cubiertas y tejados<\/a><\/li>\n\n\n\n<li><a target=\"_blank\" href=\"https:\/\/www.grupobdb.com\/productos-bdb\/2192\/materiales-de-construccion\/impermeabilizacion-y-aislamiento\" rel=\"noopener\">Impermeabilizaci\u00f3n y aislamiento<\/a><\/li>\n\n\n\n<li><a target=\"_blank\" href=\"https:\/\/www.grupobdb.com\/productos-bdb\/2211\/materiales-de-construccion\/evacuacion-de-agua\" rel=\"noopener\">Evacuaci\u00f3n de agua<\/a><\/li>\n\n\n\n<li><a target=\"_blank\" href=\"https:\/\/www.grupobdb.com\/productos-bdb\/2238\/materiales-de-construccion\/carpinteria\" rel=\"noopener\">Carpinter\u00eda<\/a><\/li>\n<\/ul>\n<\/li>\n\n\n\n<li><a target=\"_blank\" href=\"https:\/\/www.grupobdb.com\/productos-bdb\/2258\/ferreteria-y-utiles-de-construccion\" rel=\"noopener\">FERRETER\u00cdA Y \u00daTILES DE CONSTRUCCI\u00d3N<\/a>\n<ul class=\"wp-block-list\">\n<li><a target=\"_blank\" href=\"https:\/\/www.grupobdb.com\/productos-bdb\/2259\/ferreteria-y-utiles-de-construccion\/equipos-de-proteccion-individual-epis\" rel=\"noopener\">Equipos de protecci\u00f3n individual &#8211; EPIS<\/a><\/li>\n\n\n\n<li><a target=\"_blank\" href=\"https:\/\/www.grupobdb.com\/productos-bdb\/2282\/ferreteria-y-utiles-de-construccion\/senalizacion-y-seguridad-en-obra\" rel=\"noopener\">Se\u00f1alizaci\u00f3n y seguridad en obra<\/a><\/li>\n\n\n\n<li><a target=\"_blank\" href=\"https:\/\/www.grupobdb.com\/productos-bdb\/2298\/ferreteria-y-utiles-de-construccion\/herramientas-y-utiles\" rel=\"noopener\">Herramientas y \u00fatiles<\/a><\/li>\n\n\n\n<li><a target=\"_blank\" href=\"https:\/\/www.grupobdb.com\/productos-bdb\/2361\/ferreteria-y-utiles-de-construccion\/maquinaria-y-accesorios\" rel=\"noopener\">Maquinaria y accesorios<\/a><\/li>\n\n\n\n<li><a target=\"_blank\" href=\"https:\/\/www.grupobdb.com\/productos-bdb\/2395\/ferreteria-y-utiles-de-construccion\/fijaciones-y-selladores\" rel=\"noopener\">Fijaciones y selladores<\/a><\/li>\n\n\n\n<li><a target=\"_blank\" href=\"https:\/\/www.grupobdb.com\/productos-bdb\/2408\/ferreteria-y-utiles-de-construccion\/pinturas-y-drogueria\" rel=\"noopener\">Pinturas y droguer\u00eda<\/a><\/li>\n\n\n\n<li><a target=\"_blank\" href=\"https:\/\/www.grupobdb.com\/productos-bdb\/2425\/ferreteria-y-utiles-de-construccion\/fontaneria-y-electricidad\" rel=\"noopener\">Fontaner\u00eda y electricidad<\/a><\/li>\n<\/ul>\n<\/li>\n\n\n\n<li><a target=\"_blank\" href=\"https:\/\/www.grupobdb.com\/productos-bdb\/2476\/ceramica-y-bano\" rel=\"noopener\">CER\u00c1MICA Y BA\u00d1O<\/a>\n<ul class=\"wp-block-list\">\n<li><a target=\"_blank\" href=\"https:\/\/www.grupobdb.com\/productos-bdb\/2477\/ceramica-y-bano\/pavimento-y-revestimiento-ceramico\" rel=\"noopener\">Pavimento y revestimiento cer\u00e1mico<\/a><\/li>\n\n\n\n<li><a target=\"_blank\" href=\"https:\/\/www.grupobdb.com\/productos-bdb\/2495\/ceramica-y-bano\/otros-pavimentos-y-revestimientos\" rel=\"noopener\">Otros pavimentos y revestimientos<\/a><\/li>\n\n\n\n<li><a target=\"_blank\" href=\"https:\/\/www.grupobdb.com\/productos-bdb\/2499\/ceramica-y-bano\/sanitario\" rel=\"noopener\">Sanitario<\/a><\/li>\n\n\n\n<li><a target=\"_blank\" href=\"https:\/\/www.grupobdb.com\/productos-bdb\/2507\/ceramica-y-bano\/mamparas-de-bano\" rel=\"noopener\">Mamparas de ba\u00f1o<\/a><\/li>\n\n\n\n<li><a target=\"_blank\" href=\"https:\/\/www.grupobdb.com\/productos-bdb\/2510\/ceramica-y-bano\/muebles-y-accesorios-de-bano\" rel=\"noopener\">Muebles y accesorios de ba\u00f1o<\/a><\/li>\n\n\n\n<li><a target=\"_blank\" href=\"https:\/\/www.grupobdb.com\/productos-bdb\/2522\/ceramica-y-bano\/griferia\" rel=\"noopener\">Grifer\u00eda<\/a><\/li>\n\n\n\n<li><a target=\"_blank\" href=\"https:\/\/www.grupobdb.com\/productos-bdb\/2529\/ceramica-y-bano\/cocina\" rel=\"noopener\">Cocina<\/a><\/li>\n<\/ul>\n<\/li>\n\n\n\n<li><a target=\"_blank\" href=\"https:\/\/www.grupobdb.com\/productos-bdb\/2532\/temporada\" rel=\"noopener\">TEMPORADA<\/a>\n<ul class=\"wp-block-list\">\n<li><a target=\"_blank\" href=\"https:\/\/www.grupobdb.com\/productos-bdb\/2533\/temporada\/jardin\" rel=\"noopener\">Jard\u00edn<\/a><\/li>\n\n\n\n<li><a target=\"_blank\" href=\"https:\/\/www.grupobdb.com\/productos-bdb\/2549\/temporada\/piscina\" rel=\"noopener\">Piscina<\/a><\/li>\n\n\n\n<li><a target=\"_blank\" href=\"https:\/\/www.grupobdb.com\/productos-bdb\/2552\/temporada\/calor\" rel=\"noopener\">Calor<\/a><\/li>\n<\/ul>\n<\/li>\n<\/ul>\n","protected":false},"excerpt":{"rendered":"","protected":false},"author":1,"featured_media":80,"parent":0,"menu_order":0,"comment_status":"closed","ping_status":"closed","template":"","meta":{"footnotes":""},"class_list":["post-9","page","type-page","status-publish","has-post-thumbnail"],"_links":{"self":[{"href":"https:\/\/estesobdb.com\/index.php?rest_route=\/wp\/v2\/pages\/9","targetHints":{"allow":["GET"]}}],"collection":[{"href":"https:\/\/estesobdb.com\/index.php?rest_route=\/wp\/v2\/pages"}],"about":[{"href":"https:\/\/estesobdb.com\/index.php?rest_route=\/wp\/v2\/types\/page"}],"author":[{"embeddable":true,"href":"https:\/\/estesobdb.com\/index.php?rest_route=\/wp\/v2\/users\/1"}],"replies":[{"embeddable":true,"href":"https:\/\/estesobdb.com\/index.php?rest_route=%2Fwp%2Fv2%2Fcomments&post=9"}],"version-history":[{"count":4,"href":"https:\/\/estesobdb.com\/index.php?rest_route=\/wp\/v2\/pages\/9\/revisions"}],"predecessor-version":[{"id":88,"href":"https:\/\/estesobdb.com\/index.php?rest_route=\/wp\/v2\/pages\/9\/revisions\/88"}],"wp:featuredmedia":[{"embeddable":true,"href":"https:\/\/estesobdb.com\/index.php?rest_route=\/wp\/v2\/media\/80"}],"wp:attachment":[{"href":"https:\/\/estesobdb.com\/index.php?rest_route=%2Fwp%2Fv2%2Fmedia&parent=9"}],"curies":[{"name":"wp","href":"https:\/\/api.w.org\/{rel}","templated":true}]}}