  
 






		
{"id":7,"date":"2022-12-05T14:25:41","date_gmt":"2022-12-05T14:25:41","guid":{"rendered":"https:\/\/estesobdb.com\/?page_id=7"},"modified":"2022-12-06T19:18:23","modified_gmt":"2022-12-06T19:18:23","slug":"empresa","status":"publish","type":"page","link":"https:\/\/estesobdb.com\/?page_id=7","title":{"rendered":"EMPRESA"},"content":{"rendered":"\n<figure class=\"wp-block-image size-full is-resized\"><img loading=\"lazy\" decoding=\"async\" src=\"https:\/\/estesobdb.com\/wp-content\/uploads\/2022\/12\/1.jpg\" alt=\"\" class=\"wp-image-74\" width=\"537\" height=\"368\" srcset=\"https:\/\/estesobdb.com\/wp-content\/uploads\/2022\/12\/1.jpg 730w, https:\/\/estesobdb.com\/wp-content\/uploads\/2022\/12\/1-300x205.jpg 300w\" sizes=\"auto, (max-width: 537px) 100vw, 537px\" \/><\/figure>\n\n\n\n<p>JOAQUIN ESTESO S.L. es una empresa familiar fundada en 1982. Nos dedicamos desde entonces a atender a nuestros clientes en el \u00e1mbito de la construcci\u00f3n y el transporte de mercanc\u00edas. Trabajamos con una amplia gama de materiales; desde los m\u00e1s b\u00e1sicos hasta los m\u00e1s innovadores y concretos para cada proyecto de construcci\u00f3n y rehabilitaci\u00f3n. Nuestro reto diario es un servicio personalizado de ayuda, asesoramiento y seguimiento de todos los proyectos de nuestros clientes.<\/p>\n\n\n\n<p>Abarcamos desde obras particulares y de rehabilitaci\u00f3n hasta grandes proyectos profesionales.<\/p>\n\n\n\n<p>Desde el a\u00f1o 2007 formamos parte del grupo de almacenes BDB, aumentando as\u00ed la oferta y competitividad entre diferentes tipos de materiales.<\/p>\n\n\n\n<p><\/p>\n\n\n\n<figure class=\"wp-block-image size-full\"><img loading=\"lazy\" decoding=\"async\" width=\"755\" height=\"105\" src=\"https:\/\/estesobdb.com\/wp-content\/uploads\/2022\/12\/logo-v2.png\" alt=\"\" class=\"wp-image-48\" srcset=\"https:\/\/estesobdb.com\/wp-content\/uploads\/2022\/12\/logo-v2.png 755w, https:\/\/estesobdb.com\/wp-content\/uploads\/2022\/12\/logo-v2-300x42.png 300w\" sizes=\"auto, (max-width: 755px) 100vw, 755px\" \/><\/figure>\n","protected":false},"excerpt":{"rendered":"<p>JOAQUIN ESTESO S.L. es una empresa familiar fundada en 1982. Nos dedicamos desde entonces a atender a nuestros clientes en el \u00e1mbito de la construcci\u00f3n y el transporte de mercanc\u00edas. Trabajamos con una amplia gama de materiales; desde los m\u00e1s b\u00e1sicos hasta los m\u00e1s innovadores y concretos para cada proyecto de construcci\u00f3n y rehabilitaci\u00f3n. Nuestro reto diario es un servicio personalizado de ayuda, asesoramiento y seguimiento de todos los proyectos de nuestros clientes. Abarcamos desde obras particulares y de rehabilitaci\u00f3n hasta grandes proyectos profesionales. Desde el a\u00f1o 2007 formamos parte del grupo de almacenes BDB, aumentando as\u00ed la oferta y competitividad entre diferentes tipos de materiales.<\/p>\n","protected":false},"author":1,"featured_media":82,"parent":0,"menu_order":0,"comment_status":"closed","ping_status":"closed","template":"","meta":{"footnotes":""},"class_list":["post-7","page","type-page","status-publish","has-post-thumbnail"],"_links":{"self":[{"href":"https:\/\/estesobdb.com\/index.php?rest_route=\/wp\/v2\/pages\/7","targetHints":{"allow":["GET"]}}],"collection":[{"href":"https:\/\/estesobdb.com\/index.php?rest_route=\/wp\/v2\/pages"}],"about":[{"href":"https:\/\/estesobdb.com\/index.php?rest_route=\/wp\/v2\/types\/page"}],"author":[{"embeddable":true,"href":"https:\/\/estesobdb.com\/index.php?rest_route=\/wp\/v2\/users\/1"}],"replies":[{"embeddable":true,"href":"https:\/\/estesobdb.com\/index.php?rest_route=%2Fwp%2Fv2%2Fcomments&post=7"}],"version-history":[{"count":3,"href":"https:\/\/estesobdb.com\/index.php?rest_route=\/wp\/v2\/pages\/7\/revisions"}],"predecessor-version":[{"id":75,"href":"https:\/\/estesobdb.com\/index.php?rest_route=\/wp\/v2\/pages\/7\/revisions\/75"}],"wp:featuredmedia":[{"embeddable":true,"href":"https:\/\/estesobdb.com\/index.php?rest_route=\/wp\/v2\/media\/82"}],"wp:attachment":[{"href":"https:\/\/estesobdb.com\/index.php?rest_route=%2Fwp%2Fv2%2Fmedia&parent=7"}],"curies":[{"name":"wp","href":"https:\/\/api.w.org\/{rel}","templated":true}]}}