  
 






		
{"id":11,"date":"2022-12-05T14:26:09","date_gmt":"2022-12-05T14:26:09","guid":{"rendered":"https:\/\/estesobdb.com\/?page_id=11"},"modified":"2022-12-06T19:17:45","modified_gmt":"2022-12-06T19:17:45","slug":"catalogos","status":"publish","type":"page","link":"https:\/\/estesobdb.com\/?page_id=11","title":{"rendered":"CAT\u00c1LOGOS"},"content":{"rendered":"<div class=\"et_pb_column et_pb_column_2_3 et_pb_column_1    et_pb_css_mix_blend_mode_passthrough\">\n<div class=\"et_pb_with_border et_pb_module et_pb_blog_0 blog-th-left promociones et_pb_posts et_pb_bg_layout_light \">\n<div class=\"et_pb_ajax_pagination_container\">\n<article id=\"post-6621\" class=\"et_pb_post clearfix post-6621 post type-post status-publish format-standard has-post-thumbnail hentry category-folletos-bdb category-promociones-home tag-bano tag-plato-de-ducha tag-reformas\"><a class=\"entry-featured-image-url\" href=\"https:\/\/www.grupobdb.com\/web\/wp-content\/uploads\/2022\/09\/Folleto-Plato-de-ducha-HUKA-BAJA.pdf\" target=\"_blank\" rel=\"noopener\"> <img loading=\"lazy\" decoding=\"async\" src=\"https:\/\/www.grupobdb.com\/web\/wp-content\/uploads\/2022\/09\/Mock-Up-HUKA_alta.png\" alt=\"Platos de ducha Lliro en promoci\u00f3n, la mejor relaci\u00f3n calidad precio\" width=\"1080\" height=\"675\"> <\/a><\/p>\n<h2 class=\"entry-title\"><a href=\"https:\/\/www.grupobdb.com\/web\/wp-content\/uploads\/2022\/09\/Folleto-Plato-de-ducha-HUKA-BAJA.pdf\" target=\"_blank\" rel=\"noopener\">Platos de ducha Lliro en promoci\u00f3n, la mejor relaci\u00f3n calidad precio<\/a><\/h2>\n<div class=\"post-content\">\n<p>Consulta nuestro folleto de platos de ducha Huka, de la marca Lliro.&nbsp; Antideslizante, en varios colores y 48 medidas diferentes. Consulta en tu tienda m\u00e1s cercana.<\/p>\n<p><a class=\"more-link\" href=\"https:\/\/www.grupobdb.com\/web\/wp-content\/uploads\/2022\/09\/Folleto-Plato-de-ducha-HUKA-BAJA.pdf\" target=\"_blank\" rel=\"noopener\">leer m\u00e1s<\/a><\/p>\n<\/div>\n<\/article>\n<article id=\"post-6313\" class=\"et_pb_post clearfix post-6313 post type-post status-publish format-standard has-post-thumbnail hentry category-folletos-bdb category-promociones-home tag-mezcladora\"><a class=\"entry-featured-image-url\" href=\"https:\/\/www.grupobdb.com\/web\/wp-content\/uploads\/2022\/05\/BdB-Oferta-Mezcladora-VIAT.jpg\" target=\"_blank\" rel=\"noopener\"> <img loading=\"lazy\" decoding=\"async\" src=\"https:\/\/www.grupobdb.com\/web\/wp-content\/uploads\/2022\/05\/miniatura.png\" alt=\"Oferta Mezcladora 1200W con 6 velocidades\" width=\"1080\" height=\"675\"> <\/a><\/p>\n<h2 class=\"entry-title\"><a href=\"https:\/\/www.grupobdb.com\/web\/wp-content\/uploads\/2022\/05\/BdB-Oferta-Mezcladora-VIAT.jpg\" target=\"_blank\" rel=\"noopener\">Oferta Mezcladora 1200W con 6 velocidades<\/a><\/h2>\n<div class=\"post-content\">\n<p>Te acercamos esta interesante oferta de mezcladora de 1200 W a un precio inigualable.<\/p>\n<p><a class=\"more-link\" href=\"https:\/\/www.grupobdb.com\/web\/wp-content\/uploads\/2022\/05\/BdB-Oferta-Mezcladora-VIAT.jpg\" target=\"_blank\" rel=\"noopener\">leer m\u00e1s<\/a><\/p>\n<\/div>\n<\/article>\n<article id=\"post-5528\" class=\"et_pb_post clearfix post-5528 post type-post status-publish format-standard has-post-thumbnail hentry category-folletos-bdb tag-caramica-y-bano tag-ferreteria-y-utiles tag-materiales-de-construccion\"><a class=\"entry-featured-image-url\" href=\"https:\/\/www.grupobdb.com\/web\/wp-content\/uploads\/2021\/12\/Cata\u0301logo-Productos-BdB.pdf\" target=\"_blank\" rel=\"noopener\"> <img loading=\"lazy\" decoding=\"async\" src=\"https:\/\/www.grupobdb.com\/web\/wp-content\/uploads\/2021\/12\/Mock-Up-Producto-BdB.png\" alt=\"Productos marca BdB\" width=\"1080\" height=\"675\"> <\/a><\/p>\n<h2 class=\"entry-title\"><a href=\"https:\/\/www.grupobdb.com\/web\/wp-content\/uploads\/2021\/12\/Cata\u0301logo-Productos-BdB.pdf\" target=\"_blank\" rel=\"noopener\">Productos marca BdB<\/a><\/h2>\n<div class=\"post-content\">\n<p>Consulta nuestro cat\u00e1logo de productos marca BdB. Aprovecha nuestros excelentes precios en productos de m\u00e1xima calidad para tus reformas y construcciones.<\/p>\n<p><a class=\"more-link\" href=\"https:\/\/www.grupobdb.com\/web\/wp-content\/uploads\/2021\/12\/Cata\u0301logo-Productos-BdB.pdf\" target=\"_blank\" rel=\"noopener\">leer m\u00e1s<\/a><\/p>\n<\/div>\n<\/article>\n<article id=\"post-5523\" class=\"et_pb_post clearfix post-5523 post type-post status-publish format-standard has-post-thumbnail hentry category-folletos-bdb tag-mueble-de-bano tag-tabarca tag-tiendas-bdb\"><a class=\"entry-featured-image-url\" href=\"https:\/\/www.grupobdb.com\/web\/wp-content\/uploads\/2021\/12\/Soluciones-Decorativas-Bloque-de-Vidrio.pdf\" target=\"_blank\" rel=\"noopener\"> <img loading=\"lazy\" decoding=\"async\" src=\"https:\/\/www.grupobdb.com\/web\/wp-content\/uploads\/2021\/12\/soluciones-bloque-vidrio.png\" alt=\"Decoraci\u00f3n y construcci\u00f3n con Bloque de Vidrio\" width=\"1080\" height=\"675\"> <\/a><\/p>\n<h2 class=\"entry-title\"><a href=\"https:\/\/www.grupobdb.com\/web\/wp-content\/uploads\/2021\/12\/Soluciones-Decorativas-Bloque-de-Vidrio.pdf\" target=\"_blank\" rel=\"noopener\">Decoraci\u00f3n y construcci\u00f3n con Bloque de Vidrio<\/a><\/h2>\n<div class=\"post-content\">\n<p>Soluciones para decoraci\u00f3n con bloque de vidrio que te sorprender\u00e1n.<\/p>\n<p><a class=\"more-link\" href=\"https:\/\/www.grupobdb.com\/web\/wp-content\/uploads\/2021\/12\/Soluciones-Decorativas-Bloque-de-Vidrio.pdf\" target=\"_blank\" rel=\"noopener\">leer m\u00e1s<\/a><\/p>\n<\/div>\n<\/article>\n<\/div>\n<\/div>\n<\/div>\n","protected":false},"excerpt":{"rendered":"<p>Platos de ducha Lliro en promoci\u00f3n, la mejor relaci\u00f3n calidad precio Consulta nuestro folleto de platos de ducha Huka, de la marca Lliro.&nbsp; Antideslizante, en varios colores y 48 medidas diferentes. Consulta en tu tienda m\u00e1s cercana. leer m\u00e1s Oferta Mezcladora 1200W con 6 velocidades Te acercamos esta interesante oferta de mezcladora de 1200 W a un precio inigualable. leer m\u00e1s Productos marca BdB Consulta nuestro cat\u00e1logo de productos marca BdB. Aprovecha nuestros excelentes precios en productos de m\u00e1xima calidad para tus reformas y construcciones. leer m\u00e1s Decoraci\u00f3n y construcci\u00f3n con Bloque de Vidrio Soluciones para decoraci\u00f3n con bloque de vidrio que te sorprender\u00e1n. leer m\u00e1s<\/p>\n","protected":false},"author":1,"featured_media":79,"parent":0,"menu_order":0,"comment_status":"closed","ping_status":"closed","template":"","meta":{"footnotes":""},"class_list":["post-11","page","type-page","status-publish","has-post-thumbnail"],"_links":{"self":[{"href":"https:\/\/estesobdb.com\/index.php?rest_route=\/wp\/v2\/pages\/11","targetHints":{"allow":["GET"]}}],"collection":[{"href":"https:\/\/estesobdb.com\/index.php?rest_route=\/wp\/v2\/pages"}],"about":[{"href":"https:\/\/estesobdb.com\/index.php?rest_route=\/wp\/v2\/types\/page"}],"author":[{"embeddable":true,"href":"https:\/\/estesobdb.com\/index.php?rest_route=\/wp\/v2\/users\/1"}],"replies":[{"embeddable":true,"href":"https:\/\/estesobdb.com\/index.php?rest_route=%2Fwp%2Fv2%2Fcomments&post=11"}],"version-history":[{"count":3,"href":"https:\/\/estesobdb.com\/index.php?rest_route=\/wp\/v2\/pages\/11\/revisions"}],"predecessor-version":[{"id":81,"href":"https:\/\/estesobdb.com\/index.php?rest_route=\/wp\/v2\/pages\/11\/revisions\/81"}],"wp:featuredmedia":[{"embeddable":true,"href":"https:\/\/estesobdb.com\/index.php?rest_route=\/wp\/v2\/media\/79"}],"wp:attachment":[{"href":"https:\/\/estesobdb.com\/index.php?rest_route=%2Fwp%2Fv2%2Fmedia&parent=11"}],"curies":[{"name":"wp","href":"https:\/\/api.w.org\/{rel}","templated":true}]}}